{"id":326,"date":"2025-03-16T20:06:55","date_gmt":"2025-03-16T19:06:55","guid":{"rendered":"https:\/\/info.rollerhockey.fr\/?page_id=326"},"modified":"2025-03-16T20:06:55","modified_gmt":"2025-03-16T19:06:55","slug":"sondages","status":"publish","type":"page","link":"https:\/\/info.rollerhockey.fr\/index.php\/sondages\/","title":{"rendered":"Sondages !"},"content":{"rendered":"\n<p>Ils sont essentiels et importants pour que nous r\u00e9pondions aux attentes du plus grand nombre d'entre vous. <\/p>\n\n\n\n<p><\/p>\n\n\n\n<p>Merci de r\u00e9pondre \u00e0 chaque fois et pas uniquement lorsque vous avez quelqu'un chose \u00e0 faire remont\u00e9. <\/p>\n\n\n\n<figure class=\"wp-block-image size-large\"><img loading=\"lazy\" decoding=\"async\" width=\"1024\" height=\"1024\" src=\"https:\/\/info.rollerhockey.fr\/wp-content\/uploads\/2025\/03\/FB_IMG_1741544570045-1024x1024.jpg\" alt=\"\" class=\"wp-image-282\" srcset=\"https:\/\/info.rollerhockey.fr\/wp-content\/uploads\/2025\/03\/FB_IMG_1741544570045-1024x1024.jpg 1024w, https:\/\/info.rollerhockey.fr\/wp-content\/uploads\/2025\/03\/FB_IMG_1741544570045-300x300.jpg 300w, https:\/\/info.rollerhockey.fr\/wp-content\/uploads\/2025\/03\/FB_IMG_1741544570045-150x150.jpg 150w, https:\/\/info.rollerhockey.fr\/wp-content\/uploads\/2025\/03\/FB_IMG_1741544570045-768x768.jpg 768w, https:\/\/info.rollerhockey.fr\/wp-content\/uploads\/2025\/03\/FB_IMG_1741544570045.jpg 1080w\" sizes=\"auto, (max-width: 1024px) 100vw, 1024px\" \/><\/figure>\n","protected":false},"excerpt":{"rendered":"<p>Ils sont essentiels et importants pour que nous r\u00e9pondions aux attentes du plus grand nombre d&rsquo;entre vous. Merci de r\u00e9pondre<\/p>\n","protected":false},"author":1,"featured_media":0,"parent":0,"menu_order":0,"comment_status":"closed","ping_status":"closed","template":"","meta":{"footnotes":""},"class_list":["post-326","page","type-page","status-publish","hentry","comments-off"],"_links":{"self":[{"href":"https:\/\/info.rollerhockey.fr\/index.php\/wp-json\/wp\/v2\/pages\/326","targetHints":{"allow":["GET"]}}],"collection":[{"href":"https:\/\/info.rollerhockey.fr\/index.php\/wp-json\/wp\/v2\/pages"}],"about":[{"href":"https:\/\/info.rollerhockey.fr\/index.php\/wp-json\/wp\/v2\/types\/page"}],"author":[{"embeddable":true,"href":"https:\/\/info.rollerhockey.fr\/index.php\/wp-json\/wp\/v2\/users\/1"}],"replies":[{"embeddable":true,"href":"https:\/\/info.rollerhockey.fr\/index.php\/wp-json\/wp\/v2\/comments?post=326"}],"version-history":[{"count":1,"href":"https:\/\/info.rollerhockey.fr\/index.php\/wp-json\/wp\/v2\/pages\/326\/revisions"}],"predecessor-version":[{"id":327,"href":"https:\/\/info.rollerhockey.fr\/index.php\/wp-json\/wp\/v2\/pages\/326\/revisions\/327"}],"wp:attachment":[{"href":"https:\/\/info.rollerhockey.fr\/index.php\/wp-json\/wp\/v2\/media?parent=326"}],"curies":[{"name":"wp","href":"https:\/\/api.w.org\/{rel}","templated":true}]}}