{"id":322,"date":"2025-03-16T19:59:57","date_gmt":"2025-03-16T18:59:57","guid":{"rendered":"https:\/\/info.rollerhockey.fr\/?page_id=322"},"modified":"2025-03-16T20:05:00","modified_gmt":"2025-03-16T19:05:00","slug":"evolution-2019-2024","status":"publish","type":"page","link":"https:\/\/info.rollerhockey.fr\/index.php\/evolution-2019-2024\/","title":{"rendered":"Evolution 2019-2024"},"content":{"rendered":"\n<p>Il est souvent d\u00e9licat d'\u00e9valuer les changements mais il y a plusieurs m\u00e9thodes pour cela. <\/p>\n\n\n\n<p><\/p>\n\n\n\n<p>Il y a l'utilisation d'indicateurs de performance fix\u00e9s et d\u00e9termin\u00e9s et qui sont les objectifs, il y a aussi un \u00e9tat de lieu et le recueil des avis des parties prenantes. A cet effet, ce petit questionnaire qui permettra \u00e0 chacun de donner son avis sur le sujet. <br>La formation concerne aussi bien l'architecture, que le fonctionnement, les contenus et l'administration autour.<\/p>\n\n\n\n<p>La communication concerne les \u00e9l\u00e9ments internes et externes autour de l'arbitrage.<\/p>\n\n\n\n<p>L'excellence concerne l'accompagnement vers le haut niveau, les tests annuels, les supervisions et le retour des arbitres fran\u00e7ais sur les sc\u00e8nes internationales, ainsi que les d\u00e9signations.<\/p>\n\n\n\n<p><\/p>\n\n\n\n<p>Le r\u00e9sultat de ce sondage nous permettra d'aller poser plus en d\u00e9tail certains questions par la suite, l'id\u00e9e \u00e9tant d'avoir un aper\u00e7u r\u00e9el et authentique de vos ressentis. <\/p>\n\n\n\n<p><\/p>\n\n\n\n<div class=\"forminator-guttenberg\"><form\n\t\t\t\tid=\"forminator-module-320\"\n\t\t\t\tclass=\"forminator-ui forminator-poll forminator-poll-320 forminator-design--default  \"\n\t\t\t\tmethod=\"post\"\n\t\t\t\tdata-forminator-render=\"0\"\n\t\t\t\tdata-form-id=\"320\"\n\t\t\t\t data-color-option=\"default\" data-design=\"default\" style=\"display: none;\"\n\t\t\t\tdata-uid=\"69eccaa90b7fa\"\n\t\t\t><div role=\"alert\" aria-live=\"polite\" class=\"forminator-response-message\" aria-hidden=\"true\"><\/div><div class=\"forminator-poll-header\"><span id=\"forminator-poll-320--title\" class=\"forminator-question forminator-poll--question\">Comment \u00e9valuez vous l&#039;\u00e9volution de l&#039;arbitrage fran\u00e7ais durant les 4 derni\u00e8res ann\u00e9es ?<\/span><img decoding=\"async\" class=\"forminator-image\" src=\"https:\/\/info.rollerhockey.fr\/wp-content\/uploads\/2025\/03\/received_3103589233213838.jpeg\" role=\"img\" aria-hidden=\"true\" \/><\/div><div class=\"forminator-poll-body\"><div role=\"radiogroup\" class=\"forminator-field\" aria-labelledby=\"forminator-poll-320--title\"><label for=\"320-0-answer-6\" class=\"forminator-radio\"><input id=\"320-0-answer-6\" type=\"radio\" data-required=\"\" name=\"320\" value=\"answer-6\"  \/><span class=\"forminator-radio-bullet\" aria-hidden=\"true\"><\/span><span class=\"forminator-radio-label\">Cela a \u00e9volu\u00e9 sur l&#039;ensemble des plans : formation, communication, excellence avec une hausse significative du niveau d&#039;arbitrage<\/span><\/label><label for=\"320-0-answer-5\" class=\"forminator-radio\"><input id=\"320-0-answer-5\" type=\"radio\" data-required=\"\" name=\"320\" value=\"answer-5\"  \/><span class=\"forminator-radio-bullet\" aria-hidden=\"true\"><\/span><span class=\"forminator-radio-label\">Cela a \u00e9volu\u00e9 sur deux des plans : formation, communication, excellence avec une hausse significative du niveau<\/span><\/label><label for=\"320-0-answer-3\" class=\"forminator-radio\"><input id=\"320-0-answer-3\" type=\"radio\" data-required=\"\" name=\"320\" value=\"answer-3\"  \/><span class=\"forminator-radio-bullet\" aria-hidden=\"true\"><\/span><span class=\"forminator-radio-label\">Cela a \u00e9volu\u00e9 sur un des plans : formation, communication, excellence avec une hausse significative du niveau<\/span><\/label><label for=\"320-0-answer-1\" class=\"forminator-radio\"><input id=\"320-0-answer-1\" type=\"radio\" data-required=\"\" name=\"320\" value=\"answer-1\"  \/><span class=\"forminator-radio-bullet\" aria-hidden=\"true\"><\/span><span class=\"forminator-radio-label\">Cela n&#039;a pas avanc\u00e9<\/span><\/label><label for=\"320-0-answer-2\" class=\"forminator-radio\"><input id=\"320-0-answer-2\" type=\"radio\" data-required=\"\" name=\"320\" value=\"answer-2\"  \/><span class=\"forminator-radio-bullet\" aria-hidden=\"true\"><\/span><span class=\"forminator-radio-label\">Cela a recul\u00e9 sur tous les plans : formation, communication, excellence avec une baisse significative du niveau<\/span><\/label><label for=\"320-0-answer-7\" class=\"forminator-radio\"><input id=\"320-0-answer-7\" type=\"radio\" data-required=\"\" name=\"320\" value=\"answer-7\"  \/><span class=\"forminator-radio-bullet\" aria-hidden=\"true\"><\/span><span class=\"forminator-radio-label\">Cela a r\u00e9cul\u00e9 sur deux des plans : formation, communication, excellence avec une baisse significative du niveau<\/span><\/label><label for=\"320-0-answer-4\" class=\"forminator-radio\"><input id=\"320-0-answer-4\" type=\"radio\" data-required=\"\" name=\"320\" value=\"answer-4\"  \/><span class=\"forminator-radio-bullet\" aria-hidden=\"true\"><\/span><span class=\"forminator-radio-label\">Cela a r\u00e9cul\u00e9 sur un des plans : formation, communication, excellence avec une baisse significative du niveau<\/span><\/label><\/div><\/div><input type=\"hidden\" name=\"referer_url\" value=\"\" \/><div class=\"forminator-poll-footer forminator-poll--actions\"><button class=\"forminator-button forminator-button-submit\" ><span>A vot\u00e9 !<\/span><i class=\"forminator-icon-loader forminator-loading\" aria-hidden=\"true\"><\/i><\/button><\/div><input type=\"hidden\" id=\"forminator_nonce\" name=\"forminator_nonce\" value=\"f39189cbfc\" \/><input type=\"hidden\" name=\"_wp_http_referer\" value=\"\/index.php\/wp-json\/wp\/v2\/pages\/322\" \/><input type=\"hidden\" name=\"form_id\" value=\"320\"><input type=\"hidden\" name=\"page_id\" value=\"322\"><input type=\"hidden\" name=\"render_id\" value=\"0\"><input type=\"hidden\" name=\"action\" value=\"forminator_submit_form_poll\"><\/form><\/div>\n","protected":false},"excerpt":{"rendered":"<p>Il est souvent d\u00e9licat d&rsquo;\u00e9valuer les changements mais il y a plusieurs m\u00e9thodes pour cela. Il y a l&rsquo;utilisation d&rsquo;indicateurs<\/p>\n","protected":false},"author":1,"featured_media":0,"parent":0,"menu_order":0,"comment_status":"closed","ping_status":"closed","template":"","meta":{"footnotes":""},"class_list":["post-322","page","type-page","status-publish","hentry","comments-off"],"_links":{"self":[{"href":"https:\/\/info.rollerhockey.fr\/index.php\/wp-json\/wp\/v2\/pages\/322","targetHints":{"allow":["GET"]}}],"collection":[{"href":"https:\/\/info.rollerhockey.fr\/index.php\/wp-json\/wp\/v2\/pages"}],"about":[{"href":"https:\/\/info.rollerhockey.fr\/index.php\/wp-json\/wp\/v2\/types\/page"}],"author":[{"embeddable":true,"href":"https:\/\/info.rollerhockey.fr\/index.php\/wp-json\/wp\/v2\/users\/1"}],"replies":[{"embeddable":true,"href":"https:\/\/info.rollerhockey.fr\/index.php\/wp-json\/wp\/v2\/comments?post=322"}],"version-history":[{"count":2,"href":"https:\/\/info.rollerhockey.fr\/index.php\/wp-json\/wp\/v2\/pages\/322\/revisions"}],"predecessor-version":[{"id":325,"href":"https:\/\/info.rollerhockey.fr\/index.php\/wp-json\/wp\/v2\/pages\/322\/revisions\/325"}],"wp:attachment":[{"href":"https:\/\/info.rollerhockey.fr\/index.php\/wp-json\/wp\/v2\/media?parent=322"}],"curies":[{"name":"wp","href":"https:\/\/api.w.org\/{rel}","templated":true}]}}