{"id":240,"date":"2025-03-07T09:46:22","date_gmt":"2025-03-07T08:46:22","guid":{"rendered":"https:\/\/info.rollerhockey.fr\/?page_id=240"},"modified":"2025-03-07T09:46:22","modified_gmt":"2025-03-07T08:46:22","slug":"les-championnats-et-competitions","status":"publish","type":"page","link":"https:\/\/info.rollerhockey.fr\/index.php\/les-championnats-et-competitions\/","title":{"rendered":"Les championnats et comp\u00e9titions"},"content":{"rendered":"\n<p>En Europe, vous aurez trois grand championnat, la Ligue Elite en France, La liga en Espagne et la S\u00e9rie A en Italie.<\/p>\n\n\n\n<p>Au niveau international, vous trouverez des comp\u00e9titions sous l'\u00e9gide de la World Skate pour le monde et de la World Skate Europe pour l'Europe.<\/p>\n\n\n\n<p>On trouvera aussi quelques tournois dans des pays plus enclin \u00e0 r\u00e9aliser des one shoot sur des p\u00e9riodes tr\u00e8s courtes avec une grosse concentration de joueurs et joueuses comme Narch, Africa Cup, World Cup, Sparta Cup, Yeti's Cup ou encore Thors. <\/p>\n\n\n\n<p><\/p>\n","protected":false},"excerpt":{"rendered":"<p>En Europe, vous aurez trois grand championnat, la Ligue Elite en France, La liga en Espagne et la S\u00e9rie A<\/p>\n","protected":false},"author":1,"featured_media":0,"parent":0,"menu_order":0,"comment_status":"closed","ping_status":"closed","template":"","meta":{"footnotes":""},"class_list":["post-240","page","type-page","status-publish","hentry","comments-off"],"_links":{"self":[{"href":"https:\/\/info.rollerhockey.fr\/index.php\/wp-json\/wp\/v2\/pages\/240","targetHints":{"allow":["GET"]}}],"collection":[{"href":"https:\/\/info.rollerhockey.fr\/index.php\/wp-json\/wp\/v2\/pages"}],"about":[{"href":"https:\/\/info.rollerhockey.fr\/index.php\/wp-json\/wp\/v2\/types\/page"}],"author":[{"embeddable":true,"href":"https:\/\/info.rollerhockey.fr\/index.php\/wp-json\/wp\/v2\/users\/1"}],"replies":[{"embeddable":true,"href":"https:\/\/info.rollerhockey.fr\/index.php\/wp-json\/wp\/v2\/comments?post=240"}],"version-history":[{"count":1,"href":"https:\/\/info.rollerhockey.fr\/index.php\/wp-json\/wp\/v2\/pages\/240\/revisions"}],"predecessor-version":[{"id":241,"href":"https:\/\/info.rollerhockey.fr\/index.php\/wp-json\/wp\/v2\/pages\/240\/revisions\/241"}],"wp:attachment":[{"href":"https:\/\/info.rollerhockey.fr\/index.php\/wp-json\/wp\/v2\/media?parent=240"}],"curies":[{"name":"wp","href":"https:\/\/api.w.org\/{rel}","templated":true}]}}