{"id":2,"date":"2025-03-05T22:44:50","date_gmt":"2025-03-05T21:44:50","guid":{"rendered":"http:\/\/info.rollerhockey.fr\/?page_id=2"},"modified":"2025-03-07T09:54:47","modified_gmt":"2025-03-07T08:54:47","slug":"page-d-exemple","status":"publish","type":"page","link":"https:\/\/info.rollerhockey.fr\/index.php\/page-d-exemple\/","title":{"rendered":"Projet arbitrage 2025-2029"},"content":{"rendered":"\n<p>Vous avez connu les d\u00e9signations avec des annonces via courriel et ensuite via des outils cr\u00e9\u00e9s par le p\u00f4le d\u00e9veloppement de l'arbitrage.<\/p>\n\n\n\n<blockquote class=\"wp-block-quote is-layout-flow wp-block-quote-is-layout-flow\">\n<p>Les d\u00e9signations sont plut\u00f4t bonnes dans l'ensemble pour moi et mes coll\u00e8gues et de voir l'int\u00e9gralit\u00e9 me permet de me positionner vis \u00e0 vis de ce que je dois travailler pour passer au niveau sup\u00e9rieur ! <\/p>\n<\/blockquote>\n\n\n\n<p><\/p>\n\n\n\n<blockquote class=\"wp-block-quote is-layout-flow wp-block-quote-is-layout-flow\">\n<figure class=\"wp-block-image size-full\"><img loading=\"lazy\" decoding=\"async\" width=\"338\" height=\"179\" src=\"https:\/\/info.rollerhockey.fr\/wp-content\/uploads\/2025\/03\/bil1.jpg\" alt=\"\" class=\"wp-image-10\" srcset=\"https:\/\/info.rollerhockey.fr\/wp-content\/uploads\/2025\/03\/bil1.jpg 338w, https:\/\/info.rollerhockey.fr\/wp-content\/uploads\/2025\/03\/bil1-300x159.jpg 300w\" sizes=\"auto, (max-width: 338px) 100vw, 338px\" \/><\/figure>\n<\/blockquote>\n\n\n\n<p><\/p>\n\n\n\n<blockquote class=\"wp-block-quote is-layout-flow wp-block-quote-is-layout-flow\">\n<p>Les d\u00e9signations visibles 6 semaines en avance me permettent de ne pas m'organiser au dernier moment comme nous avions par le pass\u00e9 parfois deux ou trois semaines avant les rencontres.<\/p>\n<\/blockquote>\n\n\n\n<p>Vous trouverez des liens importants ici pour faciliter les t\u00e2ches des arbitres.<\/p>\n\n\n\n<p>Les r\u00e8glements, les documents et toutes les informations utiles pour arbitrer et officier dans un climat o\u00f9 l'on ne court pas apr\u00e8s les informations.<\/p>\n\n\n\n<p><\/p>\n\n\n\n<p><\/p>\n\n\n\n<p><\/p>\n\n\n\n<blockquote class=\"wp-block-quote is-layout-flow wp-block-quote-is-layout-flow\">\n<p>Yohann Labreux :<\/p>\n\n\n\n<p>Pour 2025-2029, une personne sera en charge de pr\u00e9parer les d\u00e9signations et celle-ci seront valid\u00e9es par le responsable du p\u00f4le excellence de l'arbitrage du roller hockey et par le responsable de la commission jugement et arbitrage de la FFRS.<\/p>\n\n\n\n<p>Cette double validation va dans le sens de la validation par des tiers qui ne participent pas \u00e0 l'\u00e9laboration des d\u00e9signations. <\/p>\n\n\n\n<p>Neuf semaines avant les rencontres, les d\u00e9signations seront propos\u00e9es pour validation puis saisies dans rolskanet huit semaines avant les rencontres.<\/p>\n\n\n\n<p>La d\u00e9signation effectu\u00e9e, il conviendra en cas de d\u00e9sistement d'envoyer un courriel \u00e0 la boite g\u00e9n\u00e9rique de gestion des d\u00e9signations et d\u00e9sistements.<\/p>\n<\/blockquote>\n","protected":false},"excerpt":{"rendered":"<p>Vous avez connu les d\u00e9signations avec des annonces via courriel et ensuite via des outils cr\u00e9\u00e9s par le p\u00f4le d\u00e9veloppement<\/p>\n","protected":false},"author":1,"featured_media":0,"parent":0,"menu_order":0,"comment_status":"closed","ping_status":"open","template":"","meta":{"footnotes":""},"class_list":["post-2","page","type-page","status-publish","hentry","comments-off"],"_links":{"self":[{"href":"https:\/\/info.rollerhockey.fr\/index.php\/wp-json\/wp\/v2\/pages\/2","targetHints":{"allow":["GET"]}}],"collection":[{"href":"https:\/\/info.rollerhockey.fr\/index.php\/wp-json\/wp\/v2\/pages"}],"about":[{"href":"https:\/\/info.rollerhockey.fr\/index.php\/wp-json\/wp\/v2\/types\/page"}],"author":[{"embeddable":true,"href":"https:\/\/info.rollerhockey.fr\/index.php\/wp-json\/wp\/v2\/users\/1"}],"replies":[{"embeddable":true,"href":"https:\/\/info.rollerhockey.fr\/index.php\/wp-json\/wp\/v2\/comments?post=2"}],"version-history":[{"count":3,"href":"https:\/\/info.rollerhockey.fr\/index.php\/wp-json\/wp\/v2\/pages\/2\/revisions"}],"predecessor-version":[{"id":248,"href":"https:\/\/info.rollerhockey.fr\/index.php\/wp-json\/wp\/v2\/pages\/2\/revisions\/248"}],"wp:attachment":[{"href":"https:\/\/info.rollerhockey.fr\/index.php\/wp-json\/wp\/v2\/media?parent=2"}],"curies":[{"name":"wp","href":"https:\/\/api.w.org\/{rel}","templated":true}]}}